{"id":436,"date":"2026-02-26T11:43:54","date_gmt":"2026-02-26T11:43:54","guid":{"rendered":"http:\/\/staging.martazgierska.atthost24.pl\/?page_id=436"},"modified":"2026-02-26T11:43:54","modified_gmt":"2026-02-26T11:43:54","slug":"texts","status":"publish","type":"page","link":"http:\/\/martazgierska.com\/?page_id=436","title":{"rendered":"Texts"},"content":{"rendered":"\n<div class=\"wp-block-columns is-layout-flex wp-container-core-columns-is-layout-28f84493 wp-block-columns-is-layout-flex\">\n<div class=\"wp-block-column sticky-tekst has-lora-font-family is-layout-flow wp-container-core-column-is-layout-e332764d wp-block-column-is-layout-flow\" style=\"border-top-style:none;border-top-width:0px;border-right-color:var(--wp--preset--color--tertiary);border-right-width:1px;border-bottom-style:none;border-bottom-width:0px;border-left-style:none;border-left-width:0px;padding-right:5px;font-size:0.7rem;font-style:normal;font-weight:400;letter-spacing:-0.01rem;flex-basis:30%\">\n<p>Marta Zgierska is a Polish visual artist, photographer and photobook author. She studied photography at the National Film School in \u0141\u00f3d\u017a, polish philology and social communication and journalism at Maria Curie-Sk\u0142odowska University in Lublin.<\/p>\n\n\n\n<p>In her artistic and theoretical practice Zgierska explores trauma, liminal experiences and the tensions they generate, often using her own body, simple objects and reduced spaces as primary material. Since surviving a serious car accident in 2013, the physically affected body has become a key tool for examining vulnerability, withdrawal and the pressure exerted by contemporary norms of femininity and \u201cproper\u201d functioning. Working in carefully staged photographic series and installations such as <em>Post<\/em>, <em>Afterbeauty<\/em>, <em>Votive Figure<\/em>, <em>Takeover<\/em> or the book <em>Garden<\/em>, she develops a restrained visual language of suspension and silence, seeking ways to describe alternative sensibilities in an overstimulated and increasingly exhausted society.<\/p>\n\n\n\n<p>Her debut series <em>Post<\/em> won the prestigious Prix HSBC pour la Photographie in Paris (2016) and was published as a book by Actes Sud, also receiving the PDN Photo Annual photobook award. Zgierska has been nominated for the Foam Paul Huf Award (2018, 2021), the DZ BANK Art Collection Fellowship (2019) and the ING Unseen Talent Award, and in 2019 was named Artist of the Year at the DongGang International Photo Festival in South Korea. Her works have been widely exhibited, including solo shows at the Finnish Museum of Photography in Helsinki, the Fort Institute of Photography in Warsaw, DongGang Museum of Photography, Gowen Contemporary in Geneva and in the Project Room at Zach\u0119ta \u2013 National Gallery of Art in Warsaw.<\/p>\n<\/div>\n\n\n\n<div class=\"wp-block-column is-layout-flow wp-block-column-is-layout-flow\" style=\"flex-basis:70%\">\n<div class=\"wp-block-columns is-layout-flex wp-container-core-columns-is-layout-2a63be41 wp-block-columns-is-layout-flex\">\n<div class=\"wp-block-column is-layout-flow wp-block-column-is-layout-flow\">\n<hr class=\"wp-block-separator has-alpha-channel-opacity is-style-wide\"\/>\n\n\n\n<p>SOLO EXHIBITIONS<br><br>Ja\u0142owy bieg, Labirynt Gallery, Lublin, Poland<br>2025<br><br>Wewn\u0119trze, Centrala Gallery, Poznan, Poland<br>2024<\/p>\n\n\n\n<p>Tomorrow crumbles in hands, Gowen Contemporary, Geneva, Switzerland<br>2024<br><br>Lico, Muncipal Gallery BWA, Bydgoszcz, Poland<br>2024<br><br>Internal Landscapes, Eastern Photography Festival, Lublin, Poland<br>2024\u00a0 <br>\u00a0<br>From all angles, Project Room Zacheta National Museum, Warsaw, Poland<br>2023\u00a0 \u00a0<br><br>Short Circuit, FaVU Gallery, Brno, Czech Republic<br>2023\u00a0 \u00a0<br><br>Crust, UHAUS, Ostrava, Czech Republic<br>2023<br><br>Edema, BWA Krosno, Poland<br>2021\u00a0 <br><br>Blush, Galerie Sintitulo, Mougins, France<br>2020\u00a0 \u00a0<br><br>Blush, Gowen Contemporary, Geneva, Switzerland<br>2020\u00a0<br> \u00a0<br>Artist of the Year, DongGang Museum of Photography, South Korea<br>2019\u00a0 \u00a0<br><br>Afterbeauty &amp; Votive Figure, Galerie Intervalle, Paris, France<br>2019\u00a0 \u00a0<br><br>Blush, Biala Gallery, Lublin, Poland<br>2019<br><br>Post, The Fort Institute of Photography, Warsaw, Poland<br>2018<br><br><br>2017\u00a0 \u00a0Post, Finnish Museum of Photography, Helsinki, Finland<br>2017\u00a0 \u00a0<br><br>Post, Galerie Intervalle, Paris, France<br>2017\u00a0 \u00a0<br><br>Post, Filter Space Gallery, Chicago, USA<br>2017\u00a0 \u00a0<br><br>Post, Reminders Photography Stronghold Gallery, Tokyo, Japan<br>2017<br><br><\/p>\n\n\n\n<hr class=\"wp-block-separator has-alpha-channel-opacity is-style-wide\"\/>\n\n\n\n<p>TWO MEN SHOWS<br><br>Post, Prix HSBC pour la Photographie<br>2016<\/p>\n\n\n\n<p><br>\/ Galerie Esther Woerdehoff, Paris, France<\/p>\n\n\n\n<p>\/ Gowen Contemporary, Geneva, Switzerland<\/p>\n\n\n\n<p>\/ Musee de la Photographie Andre Villers &amp; Galerie Sintitulo, Mougins, France<\/p>\n\n\n\n<p>\/ L\u2019Arsenal, Metz, France<\/p>\n\n\n\n<p>\/ Arret sur l\u2019Image Galerie, Bordeaux, France<br><br><br><\/p>\n\n\n\n<hr class=\"wp-block-separator has-alpha-channel-opacity is-style-wide\"\/>\n\n\n\n<p>PERFORMANCES<br><br>I would prefer to subtract, Tychy Performance Festival, Tychy, Poland<br>2024<br><br>Ablution I, Mariya Hoyin, Diary during the war, Labirynt Gallery, Lublin, Poland <br>2022<br><br>Gas Pepper, Malamut Performance Meeting, GAFU Gallery, Ostrava, Czech Republic \/ videoperformance<br>2022<\/p>\n<\/div>\n\n\n\n<div class=\"wp-block-column is-layout-flow wp-block-column-is-layout-flow\">\n<hr class=\"wp-block-separator has-alpha-channel-opacity is-style-wide\"\/>\n\n\n\n<p>SELECTED GROUP EXHIBITIONS<strong><br><\/strong><br><em>Prix Bob Calle 2023 du livre d\u2019artiste<\/em>, The Centre Pompidou, Paris, France<br>2023\u00a0<br><br><em>The Ongoing Power of Photography<\/em>, curator Michel Frizot, Daegu Biennale Photo, Daegu, South Korea<br>2023<br><br><em>Care_Full<\/em>, with Dimitris Mertzos, Julie-Mich\u00e8le Morin\u200b, Jul Schadauer, Letta Shtohryn, Postcity, Ars Electronica, Linz, Austria<br>2023<br><br>Photoforum, Kunsthaus Pasquart, The Biel\/Bienne Festival of Photography, Switzerland<br>2023<br><br><em>EXP(L)O<\/em>, curator: Robert Ku\u015bmirowski, the Leon Wycz\u00f3\u0142kowski District Museum, The eye never sleeps Festival, Bydgoszcz, Poland<br>2023<br>\u00a0<br>Verwachsungen, Polish Institute Gallery, D\u00fcsseldorf, Germany<br>2022\u00a0 \u00a0<br><br>I AM, Museum of Adam Mickiewicz in Smielow, Department of the National Museum in Poznan, Poland<br>2022<br><br>2022\u00a0 \u00a0L\u2019\u0152il qui voyage, Galerie Intervalle, Paris, France<br>2022\u00a0 \u00a0\u041c\u0438 \u0437 \u0412\u0430\u043c\u0438! \/ We with you!, Labirynt Gallery, Lublin, Poland<br>2022\u00a0 \u00a0Personal Portrait, Pop-Up Ogrodowa Gallery, Lodz, Poland<br>2022\u00a0 \u00a0Garden, Les Photographiques Festival, Le Mans, France<br>2022\u00a0 \u00a0Women Photographers, Pawilon Francuski, World Expo Dubai, Emiraty Arabskie<br>2021\u00a0 \u00a0Takeover, Noorderlicht International Photo Festival: The Makeable Mind, Groningen, Netherlands<br>2021\u00a0 \u00a0Garden, Who Is Next To You, Museum of Odesa Modern Art, Odesa Photo Days, Odesa, Ukraine<br>2021\u00a0 \u00a0Midnight at Noon. Performance exhibition, Lubomirski Palace, National Museum in Lublin, Poland<br>2021\u00a0 \u00a0Collection \u2013 Sammlung. Works from the collection of the Ma\u0142opolska Foundation of the Museum of Contemporary Art and the Sammlung Pastula, BWA Tarn\u00f3w, Poland<br>2021\u00a0 \u00a0Photo Basel \/ Gowen Contemporary, Basel, Switzerland<br>2021\u00a0 \u00a0Unseen Amsterdam \/ Galerie Intervalle, Amsterdam, Netherlands<br>2021\u00a0 \u00a0Asylum, The Center of the Worlds is Here, The Ukrainian National House in Przemysl, Poland<br>2021\u00a0 \u00a0Personal Portrait, We are All Photographers, Promotional Gallery, Warsaw, Poland<br>2021\u00a0 \u00a0IWPA 2020, KYOTOGRAPHIE International Photography Festival, Kyoto, Japan<br>2020\u00a0 \u00a0Photo Basel Berlin \/ Gowen Contemporary, Berlin, Germany<br>2020\u00a0 \u00a0Votive Figure, Athens Photo Festival, Benaki Museum, Greece<br>2020\u00a0 \u00a0Votive Figure, Photo Israel, Tel-Aviv, Israel<br>2019\u00a0 \u00a0Rituals I: Correlations, Fotogalerie Wien, Vienna, Austria<br>2019\u00a0 \u00a0Takeover, PGS National Gallery, Sopot, Poland<br>2019\u00a0 \u00a0Polyptyque \/ Galerie Intervalle, Marseille, France<br>2019\u00a0 \u00a0artgen\u00e8ve \/ Gowen Contemporary, Geneva, Switzerland<br>2018\u00a0 \u00a0Galeristes Art Fair \/ Galerie Intervalle, Paris, France<br>2018\u00a0 \u00a0Identity Issues, Riga Photography Biennial, Latvia<br>2018\u00a0 \u00a0Angst, Museum Dr. Guislain, Gent, Belgium<br>2018\u00a0 \u00a05\u00d72=10, Gowen Contemporary, Switzerland<br>2017\u00a0 \u00a0Unseen Amsterdam \/ Galerie Intervalle, Amsterdam, Netherlands<br>2017\u00a0 \u00a0Beirut Art Fair \/ Gowen Contemporary, Beirut, Lebanon<br>2017\u00a0 \u00a0Post, Backlight Photo Festival, Tampere Art Museum, Finland<br>2016\u00a0 \u00a0Post, Festival Circulation(s), Paris, France<br>2016\u00a0 \u00a0Post, Athens Photo Festival, Benaki Museum, Greece<br>2016\u00a0 \u00a0Post, FotoLeggendo Festival, Rome, Italy<br>2016\u00a0 \u00a0Post, Encontros da Imagem International Photography Festival, Braga, Portugal<br>2016\u00a0 \u00a0Post, Bitume Photofest, Lecce, Italy<br>2016\u00a0 \u00a0Salon of New Photography, Raster Gallery, Warsaw, Poland<br>2015\u00a0 \u00a0LensCulture Emerging Talents, SF Camerawork, San Francisco, USA<br>2015\u00a0 \u00a0Post, Malmo Fotobiennal, Sweden<br>2015\u00a0 \u00a0Post, Poznan Photo Diploma Award, Maison de la Photographie, Lille, France<br>2015\u00a0 \u00a0Post, Poznan Photo Diploma Award, Biennale of Photography in Poznan, Poland<\/p>\n<\/div>\n\n\n\n<div class=\"wp-block-column is-layout-flow wp-block-column-is-layout-flow\">\n<hr class=\"wp-block-separator has-alpha-channel-opacity is-style-wide\"\/>\n\n\n\n<p>SELECTED AWARDS<br><br>Prix Bob Calle du livre d\u2019artiste, Paris, France \/ <em>special award<\/em><br>2023<br><br>Polish Photographic Publication of the Year \/ <em>honorable mention<\/em><br>2023<br><br>Foam Paul Huf Award, Amsterdam, Netherlands \/ <em>nomination<\/em><br>2021 <br><br>2020 International Women In Photo Association Award, Paris, France<br>2020<br><br>DZ BANK Art Collection Fellowship, Frankfurt am Main, Germany <br>2019 \/ nomination<br><br>Artist of the Year, DongGang International Photo Festival, South Korea <br>2019<br><br>PDN Photo Annual, Photo Books, New York, USA <br>2017<br><br>2016 Prix HSBC pour la Photographie, 2016 <br><br>2016 Daylight Photo Awards, USA <br>2016<br><br>ING Unseen Talent Award, Amsterdam, Netherlands \/ <em>nomination<\/em><br>2016 <br><br>FotoLeggendo Giovanni Tabo Prize, Rome, Italy <br>2016<br><br>Kolga Tbilisi Photo Award, Best Conceptual Photo Project, Georgia <br>2016<br><br>Best Photography Book from Central and Eastern Europe 2015-2016, European Month of Photography, Bratislava, Slovakia \/ honorable mention<br>2016 <br><br>LensCulture Emerging Talent Awards, Amsterdam, Netherlands <br>2015<\/p>\n\n\n\n<p>GRANTS \/ FELLOWSHIPS<br><br>2023&nbsp; &nbsp;IDSA x Ars Electronica Founding Lab, Linz, Austria<br><br>NAWA Ster Fellowship<br>2022&nbsp; &nbsp;<\/p>\n\n\n\n<p>Santander Universidades grant<br>2022&nbsp; &nbsp;<\/p>\n\n\n\n<p>Grant in the field of culture of the Marshal of the Lublin Province<br>2021&nbsp; &nbsp;<\/p>\n\n\n\n<p>Grant of the National Center for Culture as part of the Young Poland program in the field of visual arts<br>2021&nbsp; &nbsp;<\/p>\n\n\n\n<p>Grant of the Mayor of the City of Lublin, Poland<br>2019&nbsp; &nbsp;<\/p>\n\n\n\n<p>Mazovia Creative Award, Warsaw, Poland (winner)<br><br>Grant of the Mayor of the City of Lublin, Poland<br>2018<br><br>Reminders Photography Stronghold Grant, Tokyo, Japan<br>2016<br><br><\/p>\n\n\n\n<hr class=\"wp-block-separator has-alpha-channel-opacity is-style-wide\"\/>\n\n\n\n<p>RESIDENCES<br><br>Sculpture everywhere, The Centre of Polish Sculpture, Oro\u0144sko, Poland <br>2024<\/p>\n\n\n\n<p>Artistic Residency, Studio VVV, Academy of Fine Arts and Design, Bratislava, Slovakia<br>2023<\/p>\n\n\n\n<p>Artistic Residency in frame of NAWA Ster Fellowship, University of Ostrava, Czech Republic<br>2022<\/p>\n\n\n\n<p>Artistic Residency, BWA Krosno, Poland<br>2021<\/p>\n\n\n\n<p>CreArt Residency, Kaunas, Lithuania<br>2019<\/p>\n\n\n\n<p>Within the Frame of Sopot Residency, Sopot, Poland<br>2019<br><br><\/p>\n\n\n\n<hr class=\"wp-block-separator has-alpha-channel-opacity is-style-wide\"\/>\n\n\n\n<p>BOOKS<br><br>Internal Landscapes, self-published, Warsaw<br><br>2023<br>Garden, Blow Up Press, Warsaw, Poland<br>2022<br><br><\/p>\n<\/div>\n<\/div>\n<\/div>\n<\/div>\n","protected":false},"excerpt":{"rendered":"<p>Marta Zgierska is a Polish visual artist, photographer and photobook author. She studied photography at the National Film School in \u0141\u00f3d\u017a, polish philology and social communication and journalism at Maria Curie-Sk\u0142odowska University in Lublin. In her artistic and theoretical practice Zgierska explores trauma, liminal experiences and the tensions they generate, often using her own body,&#8230;<\/p>\n","protected":false},"author":1,"featured_media":0,"parent":0,"menu_order":0,"comment_status":"closed","ping_status":"closed","template":"projekt-strony","meta":{"footnotes":""},"class_list":["post-436","page","type-page","status-publish","hentry"],"_links":{"self":[{"href":"http:\/\/martazgierska.com\/index.php?rest_route=\/wp\/v2\/pages\/436","targetHints":{"allow":["GET"]}}],"collection":[{"href":"http:\/\/martazgierska.com\/index.php?rest_route=\/wp\/v2\/pages"}],"about":[{"href":"http:\/\/martazgierska.com\/index.php?rest_route=\/wp\/v2\/types\/page"}],"author":[{"embeddable":true,"href":"http:\/\/martazgierska.com\/index.php?rest_route=\/wp\/v2\/users\/1"}],"replies":[{"embeddable":true,"href":"http:\/\/martazgierska.com\/index.php?rest_route=%2Fwp%2Fv2%2Fcomments&post=436"}],"version-history":[{"count":1,"href":"http:\/\/martazgierska.com\/index.php?rest_route=\/wp\/v2\/pages\/436\/revisions"}],"predecessor-version":[{"id":437,"href":"http:\/\/martazgierska.com\/index.php?rest_route=\/wp\/v2\/pages\/436\/revisions\/437"}],"wp:attachment":[{"href":"http:\/\/martazgierska.com\/index.php?rest_route=%2Fwp%2Fv2%2Fmedia&parent=436"}],"curies":[{"name":"wp","href":"https:\/\/api.w.org\/{rel}","templated":true}]}}